{"id":2,"date":"2019-01-15T15:55:28","date_gmt":"2019-01-15T15:55:28","guid":{"rendered":"http:\/\/bioproyectos.com.co\/?page_id=2"},"modified":"2024-06-28T21:53:48","modified_gmt":"2024-06-28T21:53:48","slug":"sample-page","status":"publish","type":"page","link":"https:\/\/bioproyectos.com.co\/index.php\/sample-page\/","title":{"rendered":"Ubicaci\u00f3n"},"content":{"rendered":"<style>\/*! elementor - v3.13.3 - 28-05-2023 *\/<br \/>\n.elementor-widget-google_maps .elementor-widget-container{overflow:hidden}.elementor-widget-google_maps .elementor-custom-embed{line-height:0}.elementor-widget-google_maps iframe{height:300px}<\/style>\n<p>\t\t\t<iframe loading=\"lazy\" src=\"https:\/\/maps.google.com\/maps?q=bioproyectos%20meta&amp;t=m&amp;z=13&amp;output=embed&amp;iwloc=near\" title=\"bioproyectos meta\" aria-label=\"bioproyectos meta\"><\/iframe><\/p>\n<style>\/*! elementor - v3.13.3 - 28-05-2023 *\/<br \/>\n.elementor-heading-title{padding:0;margin:0;line-height:1}.elementor-widget-heading .elementor-heading-title[class*=elementor-size-]>a{color:inherit;font-size:inherit;line-height:inherit}.elementor-widget-heading .elementor-heading-title.elementor-size-small{font-size:15px}.elementor-widget-heading .elementor-heading-title.elementor-size-medium{font-size:19px}.elementor-widget-heading .elementor-heading-title.elementor-size-large{font-size:29px}.elementor-widget-heading .elementor-heading-title.elementor-size-xl{font-size:39px}.elementor-widget-heading .elementor-heading-title.elementor-size-xxl{font-size:59px}<\/style>\n<h2>OFICINAS<\/h2>\n<p>Calle 15 N\u00ba 41 -101<\/p>\n<p>Ofc 440<\/p>\n<p>C.C. La Primavera Urbana<\/p>\n<p><strong>Villavicencio &#8211; Meta<\/strong><\/p>\n<p><em><strong>M\u00f3vil:<\/strong><\/em> 318 239 11 26<\/p>\n<p><em>gerencia@bioproyectos.com.co<\/em><\/p>\n<style>\/*! elementor - v3.13.3 - 28-05-2023 *\/<br \/>\n.elementor-column .elementor-spacer-inner{height:var(--spacer-size)}.e-con{--container-widget-width:100%}.e-con-inner>.elementor-widget-spacer,.e-con>.elementor-widget-spacer{width:var(--container-widget-width,var(--spacer-size));--align-self:var(--container-widget-align-self,initial);--flex-shrink:0}.e-con-inner>.elementor-widget-spacer>.elementor-widget-container,.e-con-inner>.elementor-widget-spacer>.elementor-widget-container>.elementor-spacer,.e-con>.elementor-widget-spacer>.elementor-widget-container,.e-con>.elementor-widget-spacer>.elementor-widget-container>.elementor-spacer{height:100%}.e-con-inner>.elementor-widget-spacer>.elementor-widget-container>.elementor-spacer>.elementor-spacer-inner,.e-con>.elementor-widget-spacer>.elementor-widget-container>.elementor-spacer>.elementor-spacer-inner{height:var(--container-widget-height,var(--spacer-size))}<\/style>\n<p>\t\t\t<iframe loading=\"lazy\" src=\"https:\/\/maps.google.com\/maps?q=bio%20proyectos%20meta&amp;t=m&amp;z=10&amp;output=embed&amp;iwloc=near\" title=\"bio proyectos meta\" aria-label=\"bio proyectos meta\"><\/iframe><\/p>\n<h2>PLANTA OPERATIVA<\/h2>\n<p>Vereda Cacayal<\/p>\n<p>Finca El Para\u00edso, contiguo&nbsp;<\/p>\n<p>Cl\u00faster 33 ECOPETROL<\/p>\n<p><strong>Municipio de Castilla- Meta<\/strong><\/p>\n<p><strong>M\u00f3vil:<\/strong> 318 239 11 26<\/p>\n<p>gerencia@bioproyectos.com.co<\/p>\n","protected":false},"excerpt":{"rendered":"<p>OFICINAS Calle 15 N\u00ba 41 -101 Ofc 440 C.C. La Primavera Urbana Villavicencio &#8211; Meta M\u00f3vil: 318 239 11 26 gerencia@bioproyectos.com.co PLANTA OPERATIVA Vereda Cacayal Finca El Para\u00edso, contiguo&nbsp; Cl\u00faster 33 ECOPETROL Municipio de Castilla- Meta M\u00f3vil: 318 239 11 26 gerencia@bioproyectos.com.co<\/p>\n","protected":false},"author":1,"featured_media":32,"parent":0,"menu_order":0,"comment_status":"closed","ping_status":"open","template":"","meta":[],"_links":{"self":[{"href":"https:\/\/bioproyectos.com.co\/index.php\/wp-json\/wp\/v2\/pages\/2"}],"collection":[{"href":"https:\/\/bioproyectos.com.co\/index.php\/wp-json\/wp\/v2\/pages"}],"about":[{"href":"https:\/\/bioproyectos.com.co\/index.php\/wp-json\/wp\/v2\/types\/page"}],"author":[{"embeddable":true,"href":"https:\/\/bioproyectos.com.co\/index.php\/wp-json\/wp\/v2\/users\/1"}],"replies":[{"embeddable":true,"href":"https:\/\/bioproyectos.com.co\/index.php\/wp-json\/wp\/v2\/comments?post=2"}],"version-history":[{"count":33,"href":"https:\/\/bioproyectos.com.co\/index.php\/wp-json\/wp\/v2\/pages\/2\/revisions"}],"predecessor-version":[{"id":581,"href":"https:\/\/bioproyectos.com.co\/index.php\/wp-json\/wp\/v2\/pages\/2\/revisions\/581"}],"wp:featuredmedia":[{"embeddable":true,"href":"https:\/\/bioproyectos.com.co\/index.php\/wp-json\/wp\/v2\/media\/32"}],"wp:attachment":[{"href":"https:\/\/bioproyectos.com.co\/index.php\/wp-json\/wp\/v2\/media?parent=2"}],"curies":[{"name":"wp","href":"https:\/\/api.w.org\/{rel}","templated":true}]}}