{"id":98,"date":"2019-01-29T14:32:47","date_gmt":"2019-01-29T14:32:47","guid":{"rendered":"https:\/\/bioproyectos.com.co\/?page_id=98"},"modified":"2023-06-18T22:45:54","modified_gmt":"2023-06-18T22:45:54","slug":"suministro-de-generacion-de-energia-electrica-temporal-usando-como-combustible-gas-asociado-diesel-o-crudo","status":"publish","type":"page","link":"https:\/\/bioproyectos.com.co\/index.php\/suministro-de-generacion-de-energia-electrica-temporal-usando-como-combustible-gas-asociado-diesel-o-crudo\/","title":{"rendered":"Disposici\u00f3n de aguas en \u00e1rea licenciada"},"content":{"rendered":"\t\t<div data-elementor-type=\"wp-page\" data-elementor-id=\"98\" class=\"elementor elementor-98\">\n\t\t\t\t\t\t\t\t\t<section class=\"elementor-section elementor-top-section elementor-element elementor-element-49352e06 elementor-section-stretched elementor-section-boxed elementor-section-height-default elementor-section-height-default\" data-id=\"49352e06\" data-element_type=\"section\" data-settings=\"{&quot;stretch_section&quot;:&quot;section-stretched&quot;}\">\n\t\t\t\t\t\t<div class=\"elementor-container elementor-column-gap-default\">\n\t\t\t\t\t<div class=\"elementor-column elementor-col-100 elementor-top-column elementor-element elementor-element-4ce9baec\" data-id=\"4ce9baec\" data-element_type=\"column\">\n\t\t\t<div class=\"elementor-widget-wrap elementor-element-populated\">\n\t\t\t\t\t\t\t\t<div class=\"elementor-element elementor-element-9ad0ba3 elementor-widget elementor-widget-image\" data-id=\"9ad0ba3\" data-element_type=\"widget\" data-widget_type=\"image.default\">\n\t\t\t\t<div class=\"elementor-widget-container\">\n\t\t\t<style>\/*! elementor - v3.13.3 - 28-05-2023 *\/\n.elementor-widget-image{text-align:center}.elementor-widget-image a{display:inline-block}.elementor-widget-image a img[src$=\".svg\"]{width:48px}.elementor-widget-image img{vertical-align:middle;display:inline-block}<\/style>\t\t\t\t\t\t\t\t\t\t\t\t<img decoding=\"async\" width=\"1536\" height=\"647\" src=\"https:\/\/bioproyectos.com.co\/wp-content\/uploads\/2023\/06\/FOTO-2023-02-1536x647.jpg\" class=\"attachment-1536x1536 size-1536x1536 wp-image-365\" alt=\"\" loading=\"lazy\" srcset=\"https:\/\/bioproyectos.com.co\/wp-content\/uploads\/2023\/06\/FOTO-2023-02-1536x647.jpg 1536w, https:\/\/bioproyectos.com.co\/wp-content\/uploads\/2023\/06\/FOTO-2023-02-300x126.jpg 300w, https:\/\/bioproyectos.com.co\/wp-content\/uploads\/2023\/06\/FOTO-2023-02-1024x431.jpg 1024w, https:\/\/bioproyectos.com.co\/wp-content\/uploads\/2023\/06\/FOTO-2023-02-768x323.jpg 768w, https:\/\/bioproyectos.com.co\/wp-content\/uploads\/2023\/06\/FOTO-2023-02.jpg 1980w\" sizes=\"(max-width: 1536px) 100vw, 1536px\" \/>\t\t\t\t\t\t\t\t\t\t\t\t\t\t\t<\/div>\n\t\t\t\t<\/div>\n\t\t\t\t<div class=\"elementor-element elementor-element-2df73ba8 elementor-widget elementor-widget-text-editor\" data-id=\"2df73ba8\" data-element_type=\"widget\" data-widget_type=\"text-editor.default\">\n\t\t\t\t<div class=\"elementor-widget-container\">\n\t\t\t<style>\/*! elementor - v3.13.3 - 28-05-2023 *\/\n.elementor-widget-text-editor.elementor-drop-cap-view-stacked .elementor-drop-cap{background-color:#69727d;color:#fff}.elementor-widget-text-editor.elementor-drop-cap-view-framed .elementor-drop-cap{color:#69727d;border:3px solid;background-color:transparent}.elementor-widget-text-editor:not(.elementor-drop-cap-view-default) .elementor-drop-cap{margin-top:8px}.elementor-widget-text-editor:not(.elementor-drop-cap-view-default) .elementor-drop-cap-letter{width:1em;height:1em}.elementor-widget-text-editor .elementor-drop-cap{float:left;text-align:center;line-height:1;font-size:50px}.elementor-widget-text-editor .elementor-drop-cap-letter{display:inline-block}<\/style>\t\t\t\t<!-- wp:image {\"id\":204,\"width\":746,\"height\":313} -->\n<figure class=\"wp-block-image is-resized\">\n<figcaption><em><strong>BIO PROYECTOS S.A.S.<\/strong><\/em> cuenta con un permiso de vertimiento para campo de infiltraci\u00f3n en un caudal de 0.7 L\/s en temporada seca y 0.35 L\/s en temporada de lluvia, con respecto a la <em>evaporaci\u00f3n mec\u00e1nica<\/em> esta puede realizarse con un caudal de vertimiento de 4.6 L\/s en temporada seca y 2.3 L\/s en temporada de lluvia; cumpliendo con los par\u00e1metros f\u00edsicos, qu\u00edmicos y microbiol\u00f3gicos de acuerdo a la <em>Resoluci\u00f3n 631 de 2015<\/em> en el art\u00edculo 8 (Aguas residuales domesticas) y en el art\u00edculo 11 (Actividad de hidrocarburos, explotaci\u00f3n y producci\u00f3n), y decreto 1076 de 2015, art\u00edculos: 2.2.3.3.9.14, articulo 2.2.3.3.9.3 &#8211; articulo 2.2.3.3.9.16 y normatividad legal aplicable.<\/figcaption>\n<\/figure>\n<!-- \/wp:image -->\t\t\t\t\t\t<\/div>\n\t\t\t\t<\/div>\n\t\t\t\t\t<\/div>\n\t\t<\/div>\n\t\t\t\t\t\t\t<\/div>\n\t\t<\/section>\n\t\t\t\t\t\t\t<\/div>\n\t\t","protected":false},"excerpt":{"rendered":"","protected":false},"author":1,"featured_media":0,"parent":0,"menu_order":0,"comment_status":"closed","ping_status":"closed","template":"","meta":[],"_links":{"self":[{"href":"https:\/\/bioproyectos.com.co\/index.php\/wp-json\/wp\/v2\/pages\/98"}],"collection":[{"href":"https:\/\/bioproyectos.com.co\/index.php\/wp-json\/wp\/v2\/pages"}],"about":[{"href":"https:\/\/bioproyectos.com.co\/index.php\/wp-json\/wp\/v2\/types\/page"}],"author":[{"embeddable":true,"href":"https:\/\/bioproyectos.com.co\/index.php\/wp-json\/wp\/v2\/users\/1"}],"replies":[{"embeddable":true,"href":"https:\/\/bioproyectos.com.co\/index.php\/wp-json\/wp\/v2\/comments?post=98"}],"version-history":[{"count":27,"href":"https:\/\/bioproyectos.com.co\/index.php\/wp-json\/wp\/v2\/pages\/98\/revisions"}],"predecessor-version":[{"id":419,"href":"https:\/\/bioproyectos.com.co\/index.php\/wp-json\/wp\/v2\/pages\/98\/revisions\/419"}],"wp:attachment":[{"href":"https:\/\/bioproyectos.com.co\/index.php\/wp-json\/wp\/v2\/media?parent=98"}],"curies":[{"name":"wp","href":"https:\/\/api.w.org\/{rel}","templated":true}]}}